{"id":560,"date":"2021-03-25T21:32:47","date_gmt":"2021-03-25T20:32:47","guid":{"rendered":"http:\/\/www.lempreintedesoi.be\/accueil\/?page_id=560"},"modified":"2021-03-26T09:50:48","modified_gmt":"2021-03-26T08:50:48","slug":"massage-du-sportif","status":"publish","type":"page","link":"https:\/\/www.lempreintedesoi.be\/accueil\/massage-du-sportif\/","title":{"rendered":"Massage du Sportif"},"content":{"rendered":"<p>Le massage du sportif est une forme sp\u00e9cifique de massage adapt\u00e9e \u00e0 la pratique du sport. Il se compose d\u2019effleurages, de frictions et de p\u00e9trissages.<\/p>\n<h3>Ses bienfaits\u00a0:<\/h3>\n<ul>\n<li><strong>\u00c9limination des toxines<\/strong><\/li>\n<li><strong>Diminution de la fatigue du sportif<\/strong><\/li>\n<li><strong>Meilleure r\u00e9gulation de la circulation sanguine<\/strong><\/li>\n<li><strong>Assouplissement des muscles afin de retrouver sa souplesse initiale<\/strong><\/li>\n<li><strong>Meilleure mobilisation des articulations<\/strong><\/li>\n<li><strong>Mobilise des tissus musculaires<\/strong><\/li>\n<li><strong>Pr\u00e9paration des muscles aux entra\u00eenements<\/strong><\/li>\n<li><strong>\u00c9vitement des blessures.<\/strong><\/li>\n<\/ul>\n<p><a href=\"http:\/\/www.lempreintedesoi.be\/wp-content\/uploads\/2021\/03\/Massage-Sportif-2.png\"><img loading=\"lazy\" width=\"406\" height=\"183\" class=\"wp-image-580 aligncenter\" src=\"http:\/\/www.lempreintedesoi.be\/wp-content\/uploads\/2021\/03\/Massage-Sportif-2.png\" alt=\"\" data-id=\"580\" data-full-url=\"http:\/\/www.lempreintedesoi.be\/wp-content\/uploads\/2021\/03\/Massage-Sportif-2.png\" data-link=\"http:\/\/www.lempreintedesoi.be\/accueil\/?attachment_id=580\" srcset=\"https:\/\/www.lempreintedesoi.be\/wp-content\/uploads\/2021\/03\/Massage-Sportif-2.png 406w, https:\/\/www.lempreintedesoi.be\/wp-content\/uploads\/2021\/03\/Massage-Sportif-2-300x135.png 300w\" sizes=\"(max-width: 406px) 100vw, 406px\" \/><\/a><\/p>\n<table style=\"width: 30%;\">\n<tbody>\n<tr>\n<th style=\"text-align: center;\"><span style=\"color: #ff0000;\">Dur\u00e9e<\/span><\/th>\n<th style=\"text-align: center;\"><span style=\"color: #ff0000;\">Tarif<\/span><\/th>\n<\/tr>\n<\/tbody>\n<tbody>\n<tr>\n<td style=\"text-align: center;\">45min<\/td>\n<td align=\"center\"><strong>45\u20ac<\/strong><\/td>\n<\/tr>\n<tr>\n<td style=\"text-align: center;\">60min<\/td>\n<td align=\"center\"><strong>60\u20ac<\/strong><\/td>\n<\/tr>\n<\/tbody>\n<\/table>\n","protected":false},"excerpt":{"rendered":"<p>Le massage du sportif est une forme sp\u00e9cifique de massage adapt\u00e9e \u00e0 la pratique du sport. Il se compose d\u2019effleurages, de frictions et de p\u00e9trissages. Ses bienfaits\u00a0: \u00c9limination des toxines Diminution de la fatigue du sportif Meilleure r\u00e9gulation de la circulation sanguine Assouplissement des muscles afin de retrouver sa souplesse initiale Meilleure mobilisation des articulations [&hellip;]<\/p>\n","protected":false},"author":2,"featured_media":0,"parent":0,"menu_order":0,"comment_status":"closed","ping_status":"closed","template":"","meta":{"spay_email":""},"jetpack_sharing_enabled":true,"jetpack_shortlink":"https:\/\/wp.me\/P65qBv-92","_links":{"self":[{"href":"https:\/\/www.lempreintedesoi.be\/accueil\/wp-json\/wp\/v2\/pages\/560"}],"collection":[{"href":"https:\/\/www.lempreintedesoi.be\/accueil\/wp-json\/wp\/v2\/pages"}],"about":[{"href":"https:\/\/www.lempreintedesoi.be\/accueil\/wp-json\/wp\/v2\/types\/page"}],"author":[{"embeddable":true,"href":"https:\/\/www.lempreintedesoi.be\/accueil\/wp-json\/wp\/v2\/users\/2"}],"replies":[{"embeddable":true,"href":"https:\/\/www.lempreintedesoi.be\/accueil\/wp-json\/wp\/v2\/comments?post=560"}],"version-history":[{"count":12,"href":"https:\/\/www.lempreintedesoi.be\/accueil\/wp-json\/wp\/v2\/pages\/560\/revisions"}],"predecessor-version":[{"id":726,"href":"https:\/\/www.lempreintedesoi.be\/accueil\/wp-json\/wp\/v2\/pages\/560\/revisions\/726"}],"wp:attachment":[{"href":"https:\/\/www.lempreintedesoi.be\/accueil\/wp-json\/wp\/v2\/media?parent=560"}],"curies":[{"name":"wp","href":"https:\/\/api.w.org\/{rel}","templated":true}]}}