{"id":636,"date":"2021-03-25T22:41:30","date_gmt":"2021-03-25T21:41:30","guid":{"rendered":"http:\/\/www.lempreintedesoi.be\/accueil\/?page_id=636"},"modified":"2021-03-25T22:41:31","modified_gmt":"2021-03-25T21:41:31","slug":"formations","status":"publish","type":"page","link":"http:\/\/www.lempreintedesoi.be\/accueil\/formations\/","title":{"rendered":"Formations"},"content":{"rendered":"\n<ul><li>Coach de Vie Personnel et Professionnel\u00a0 (PNL Humaniste) \u2013 <a href=\"https:\/\/www.google.com\/url?sa=t&amp;rct=j&amp;q=&amp;esrc=s&amp;source=web&amp;cd=&amp;cad=rja&amp;uact=8&amp;ved=2ahUKEwiJst-_s8zvAhVJzaQKHR1dAVMQFjAAegQIAhAE&amp;url=https%3A%2F%2Fwww.horizonsdevie.com%2F&amp;usg=AOvVaw19FDnMsgnOlIa376V6nVrC\">Institut Horizons 347<\/a><\/li><li>Naturopathie\u00a0 \u2013 <a href=\"https:\/\/www.google.com\/url?sa=t&amp;rct=j&amp;q=&amp;esrc=s&amp;source=web&amp;cd=&amp;cad=rja&amp;uact=8&amp;ved=2ahUKEwi4l5its8zvAhXOGewKHS9QCyYQFjAAegQIBRAE&amp;url=http%3A%2F%2Fwww.ihmn.be%2F&amp;usg=AOvVaw1pCXnUbxZTunKVb3VjkUYR\">IHMN<\/a><\/li><li>R\u00e9flexologie Plantaire Sp\u00e9cialis\u00e9e (reconnue par FEBEREF) \u2013 <a href=\"https:\/\/www.google.com\/url?sa=t&amp;rct=j&amp;q=&amp;esrc=s&amp;source=web&amp;cd=&amp;cad=rja&amp;uact=8&amp;ved=2ahUKEwi_5Mids8zvAhUGCewKHXxXCZIQFjAAegQIAxAD&amp;url=https%3A%2F%2Fwww.academiedubienetre.be%2F&amp;usg=AOvVaw2_P-bYPYYfhYvfPfLSf7FR\">Acad\u00e9mie du Bien-\u00catre Nicole Ortmann<\/a><\/li><li>Massage Global \u2013 <a href=\"http:\/\/www.ecolemassagetinabosi.be\/\">Ecole de Massage Tina Bosi<\/a> <\/li><li>Massage du Sportif \u2013 <a href=\"https:\/\/www.google.com\/url?sa=t&amp;rct=j&amp;q=&amp;esrc=s&amp;source=web&amp;cd=&amp;cad=rja&amp;uact=8&amp;ved=2ahUKEwjWu5_Js8zvAhVLzKQKHfJTA4UQFjAAegQIBBAD&amp;url=https%3A%2F%2Fharmony-attitude.be%2F&amp;usg=AOvVaw0cQKw24MVQg7gnn_Wuyk_T\">Harmony Attitude<\/a><\/li><li>Massage Assis sur Chaise (Shiatsu) \u2013 <a href=\"https:\/\/www.google.com\/url?sa=t&amp;rct=j&amp;q=&amp;esrc=s&amp;source=web&amp;cd=&amp;cad=rja&amp;uact=8&amp;ved=2ahUKEwiQiILZs8zvAhVD3KQKHQ9BAvUQFjAAegQIAxAD&amp;url=https%3A%2F%2Fwww.catherinedelbrouck.be%2F&amp;usg=AOvVaw30Bnddtu-0fnTnieu3tCt8\">Touch and Coach Catherine Delbrouck<\/a><\/li><li>Massage Femme Enceinte \u2013 <a href=\"https:\/\/www.google.com\/url?sa=t&amp;rct=j&amp;q=&amp;esrc=s&amp;source=web&amp;cd=&amp;cad=rja&amp;uact=8&amp;ved=2ahUKEwjDqYHns8zvAhXZwQIHHb3wDCoQFjAHegQIBRAE&amp;url=https%3A%2F%2Fwww.tagnon.be%2F&amp;usg=AOvVaw0ltj2xNaQaa0GWXoloLaOZ\">Ecole Tagnon<\/a><\/li><\/ul>\n","protected":false},"excerpt":{"rendered":"<p>Coach de Vie Personnel et Professionnel\u00a0 (PNL Humaniste) \u2013 Institut Horizons 347 Naturopathie\u00a0 \u2013 IHMN R\u00e9flexologie Plantaire Sp\u00e9cialis\u00e9e (reconnue par FEBEREF) \u2013 Acad\u00e9mie du Bien-\u00catre Nicole Ortmann Massage Global \u2013 Ecole de Massage Tina Bosi Massage du Sportif \u2013 Harmony Attitude Massage Assis sur Chaise (Shiatsu) \u2013 Touch and Coach Catherine Delbrouck Massage Femme Enceinte [&hellip;]<\/p>\n","protected":false},"author":1,"featured_media":0,"parent":0,"menu_order":0,"comment_status":"closed","ping_status":"closed","template":"","meta":{"spay_email":""},"jetpack_sharing_enabled":true,"jetpack_shortlink":"https:\/\/wp.me\/P65qBv-ag","_links":{"self":[{"href":"http:\/\/www.lempreintedesoi.be\/accueil\/wp-json\/wp\/v2\/pages\/636"}],"collection":[{"href":"http:\/\/www.lempreintedesoi.be\/accueil\/wp-json\/wp\/v2\/pages"}],"about":[{"href":"http:\/\/www.lempreintedesoi.be\/accueil\/wp-json\/wp\/v2\/types\/page"}],"author":[{"embeddable":true,"href":"http:\/\/www.lempreintedesoi.be\/accueil\/wp-json\/wp\/v2\/users\/1"}],"replies":[{"embeddable":true,"href":"http:\/\/www.lempreintedesoi.be\/accueil\/wp-json\/wp\/v2\/comments?post=636"}],"version-history":[{"count":1,"href":"http:\/\/www.lempreintedesoi.be\/accueil\/wp-json\/wp\/v2\/pages\/636\/revisions"}],"predecessor-version":[{"id":637,"href":"http:\/\/www.lempreintedesoi.be\/accueil\/wp-json\/wp\/v2\/pages\/636\/revisions\/637"}],"wp:attachment":[{"href":"http:\/\/www.lempreintedesoi.be\/accueil\/wp-json\/wp\/v2\/media?parent=636"}],"curies":[{"name":"wp","href":"https:\/\/api.w.org\/{rel}","templated":true}]}}