{"id":631,"date":"2021-03-25T22:29:05","date_gmt":"2021-03-25T21:29:05","guid":{"rendered":"http:\/\/www.lempreintedesoi.be\/accueil\/?page_id=631"},"modified":"2021-03-26T09:51:24","modified_gmt":"2021-03-26T08:51:24","slug":"massage-future-maman","status":"publish","type":"page","link":"http:\/\/www.lempreintedesoi.be\/accueil\/massage-future-maman\/","title":{"rendered":"Massage Future Maman"},"content":{"rendered":"<table>\n<tbody>\n<tr>\n<td width=\"70%\">&nbsp;<\/p>\n<p>Un massage <strong>adapt\u00e9 \u00e0 la future maman<\/strong> ainsi qu\u2019au <strong>petit \u00eatre en devenir<\/strong>.\u00a0 Ce <strong>massage <\/strong>se pratique en <strong>position lat\u00e9rale<\/strong> et <strong>semi-assise<\/strong>. La position dorsale prolong\u00e9e \u00e9tant inconfortable pour les femmes enceintes.<\/p>\n<p>Il permet \u00e0 la maman de <strong>prendre conscience de son corps<\/strong> et <strong>d&rsquo;accepter les diff\u00e9rents changements corporels li\u00e9s \u00e0 la grossesse<\/strong>.<\/p>\n<p>Le massage future maman apporte un temps de <strong>qui\u00e9tude et de s\u00e9r\u00e9nit\u00e9<\/strong> \u00e0 <strong>partager avec votre b\u00e9b\u00e9<\/strong>.<\/p>\n<p>Ce massage vous apporte:<\/p>\n<ul>\n<li><strong>D\u00e9tente<\/strong><\/li>\n<li><strong>Apaisement<\/strong><\/li>\n<li><strong>Lib\u00e9ration des tensions du bas du dos, de la nuque, des jambes<\/strong><\/li>\n<li><strong>Activation de la circulation sanguine<\/strong><\/li>\n<li><strong>Soulagement\u00a0 des diff\u00e9rents maux et inconforts de\u00a0 grossesse.<\/strong><\/li>\n<\/ul>\n<\/td>\n<td><img loading=\"lazy\" class=\"aligncenter wp-image-574\" src=\"http:\/\/www.lempreintedesoi.be\/wp-content\/uploads\/2021\/03\/Femme-enceinte.jpg\" alt=\"\" width=\"327\" height=\"257\" \/><\/td>\n<\/tr>\n<\/tbody>\n<\/table>\n<table style=\"width: 30%;\">\n<tbody>\n<tr>\n<th style=\"text-align: center;\"><span style=\"color: #ff0000;\">Dur\u00e9e<\/span><\/th>\n<th style=\"text-align: center;\"><span style=\"color: #ff0000;\">Tarif<\/span><\/th>\n<\/tr>\n<\/tbody>\n<tbody>\n<tr>\n<td style=\"text-align: center;\">45min<\/td>\n<td align=\"center\"><strong>45\u20ac<\/strong><\/td>\n<\/tr>\n<\/tbody>\n<\/table>\n","protected":false},"excerpt":{"rendered":"<p>&nbsp; Un massage adapt\u00e9 \u00e0 la future maman ainsi qu\u2019au petit \u00eatre en devenir.\u00a0 Ce massage se pratique en position lat\u00e9rale et semi-assise. La position dorsale prolong\u00e9e \u00e9tant inconfortable pour les femmes enceintes. Il permet \u00e0 la maman de prendre conscience de son corps et d&rsquo;accepter les diff\u00e9rents changements corporels li\u00e9s \u00e0 la grossesse. Le [&hellip;]<\/p>\n","protected":false},"author":1,"featured_media":0,"parent":0,"menu_order":0,"comment_status":"closed","ping_status":"closed","template":"","meta":{"spay_email":""},"jetpack_sharing_enabled":true,"jetpack_shortlink":"https:\/\/wp.me\/P65qBv-ab","_links":{"self":[{"href":"http:\/\/www.lempreintedesoi.be\/accueil\/wp-json\/wp\/v2\/pages\/631"}],"collection":[{"href":"http:\/\/www.lempreintedesoi.be\/accueil\/wp-json\/wp\/v2\/pages"}],"about":[{"href":"http:\/\/www.lempreintedesoi.be\/accueil\/wp-json\/wp\/v2\/types\/page"}],"author":[{"embeddable":true,"href":"http:\/\/www.lempreintedesoi.be\/accueil\/wp-json\/wp\/v2\/users\/1"}],"replies":[{"embeddable":true,"href":"http:\/\/www.lempreintedesoi.be\/accueil\/wp-json\/wp\/v2\/comments?post=631"}],"version-history":[{"count":11,"href":"http:\/\/www.lempreintedesoi.be\/accueil\/wp-json\/wp\/v2\/pages\/631\/revisions"}],"predecessor-version":[{"id":727,"href":"http:\/\/www.lempreintedesoi.be\/accueil\/wp-json\/wp\/v2\/pages\/631\/revisions\/727"}],"wp:attachment":[{"href":"http:\/\/www.lempreintedesoi.be\/accueil\/wp-json\/wp\/v2\/media?parent=631"}],"curies":[{"name":"wp","href":"https:\/\/api.w.org\/{rel}","templated":true}]}}