{"id":558,"date":"2021-03-23T23:29:18","date_gmt":"2021-03-23T22:29:18","guid":{"rendered":"http:\/\/www.lempreintedesoi.be\/accueil\/?page_id=558"},"modified":"2021-03-25T23:09:16","modified_gmt":"2021-03-25T22:09:16","slug":"coaching-vie-personnel","status":"publish","type":"page","link":"http:\/\/www.lempreintedesoi.be\/accueil\/coaching-vie-personnel\/","title":{"rendered":"Coaching de Vie &#8211; Personnel"},"content":{"rendered":"\n<h2>Qu&rsquo;est-ce que le Coaching?<\/h2>\n\n\n\n<p><strong>Pourquoi entreprendre un Coaching?<img loading=\"lazy\" class=\"alignright size-meidum wp-image-571\" src=\"http:\/\/www.lempreintedesoi.be\/wp-content\/uploads\/2021\/03\/Coaching-Old-Life-New-life.png\" alt=\"\" width=\"169\" height=\"300\"><\/strong><\/p>\n\n\n\n<p><\/p>\n\n\n\n<p>Il existe une multitude de&nbsp;raisons de faire appel \u00e0 un(e) coach\u2026&nbsp;&nbsp;<\/p>\n\n\n\n<p>Voici quelques pistes qui peuvent vous motiver \u00e0 entreprendre un coaching&nbsp;:&nbsp;<\/p>\n\n\n\n<ul><li>Vous \u00eates en qu\u00eate de Mieux-\u00eatre dans votre quotidien<\/li><li>Vous \u00eates \u00e0 la <strong>recherche<\/strong> d\u2019un <strong>nouveau d\u00e9fi professionnel<\/strong><\/li><li>Vous cherchez un<strong> espace pour r\u00e9fl\u00e9chir <\/strong>et<strong> faire le point<\/strong><\/li><li>Vous \u00eates face \u00e0 des <strong>blocages <\/strong>et vous avez besoin d\u2019un<strong> d\u00e9clencheur pour <\/strong>les<strong> d\u00e9passer et passer \u00e0 l\u2019action<\/strong><\/li><li>Vous avez envie de <strong>plus d\u2019autonomie au quotidien<\/strong><\/li><li>Vous d\u00e9sirez<strong> apprendre \u00e0 optimiser la gestion de votre temps<\/strong><\/li><li>Vous d\u00e9sirez<strong> am\u00e9liorer votre communication avec vos proches et\/ou dans votre milieu professionnel<\/strong><\/li><li><strong>\u2026.<\/strong><\/li><\/ul>\n\n\n\n<p>En tant que coach, je <strong>vous accompagne \u00e0 votre propre rythme et dans le respect de votre entourage afin de red\u00e9finir vos priorit\u00e9s, construire votre projet,&nbsp;et atteindre vos objectifs !<\/strong><\/p>\n\n\n\n<p><strong>Mes outils sont issus entre autres de la PNL (Programmation Neuro-Linguistique), de l\u2019Analyse Transactionnelle ainsi que de la Syst\u00e9mique. Ma d\u00e9marche se veut profond\u00e9ment Humaniste.<\/strong><\/p>\n\n\n\n<p>Le coaching est un <strong>accompagnement <\/strong>de <strong>courte dur\u00e9e<\/strong> et au sein duquel <strong>vous serez le pilote<\/strong>, <strong>je serai votre co-pilote<\/strong>&nbsp;! <strong>Je vous apporte la mati\u00e8re premi\u00e8re, vous cr\u00e9ez le produit fini&nbsp;!<\/strong><\/p>\n\n\n\n<p><strong>Je suis tenue au secret professionnel. <\/strong>Tout ce qui se dit en s\u00e9ance est confidentiel<strong>.<\/strong><\/p>\n\n\n\n<p><strong>S\u00e9ance&nbsp; 60 min &nbsp;&nbsp;&nbsp;&nbsp;&nbsp;&nbsp;&nbsp;&nbsp;&nbsp;&nbsp;&nbsp;&nbsp;&nbsp; 60<\/strong>\u20ac<\/p>\n\n\n\n<p><em><strong><span class=\"has-inline-color has-vivid-red-color\">\u00ab Le plus grand voyageur n\u2019est pas celui qui a fait dix fois le tour du monde, mais celui qui a fait une seule fois le tour de lui-m\u00eame. \u00bb, Gandhi<\/span><\/strong><\/em><\/p>\n","protected":false},"excerpt":{"rendered":"<p>Qu&rsquo;est-ce que le Coaching? Pourquoi entreprendre un Coaching? Il existe une multitude de&nbsp;raisons de faire appel \u00e0 un(e) coach\u2026&nbsp;&nbsp; Voici quelques pistes qui peuvent vous motiver \u00e0 entreprendre un coaching&nbsp;:&nbsp; Vous \u00eates en qu\u00eate de Mieux-\u00eatre dans votre quotidien Vous \u00eates \u00e0 la recherche d\u2019un nouveau d\u00e9fi professionnel Vous cherchez un espace pour r\u00e9fl\u00e9chir et [&hellip;]<\/p>\n","protected":false},"author":2,"featured_media":0,"parent":0,"menu_order":0,"comment_status":"closed","ping_status":"closed","template":"","meta":{"spay_email":""},"jetpack_sharing_enabled":true,"jetpack_shortlink":"https:\/\/wp.me\/P65qBv-90","_links":{"self":[{"href":"http:\/\/www.lempreintedesoi.be\/accueil\/wp-json\/wp\/v2\/pages\/558"}],"collection":[{"href":"http:\/\/www.lempreintedesoi.be\/accueil\/wp-json\/wp\/v2\/pages"}],"about":[{"href":"http:\/\/www.lempreintedesoi.be\/accueil\/wp-json\/wp\/v2\/types\/page"}],"author":[{"embeddable":true,"href":"http:\/\/www.lempreintedesoi.be\/accueil\/wp-json\/wp\/v2\/users\/2"}],"replies":[{"embeddable":true,"href":"http:\/\/www.lempreintedesoi.be\/accueil\/wp-json\/wp\/v2\/comments?post=558"}],"version-history":[{"count":6,"href":"http:\/\/www.lempreintedesoi.be\/accueil\/wp-json\/wp\/v2\/pages\/558\/revisions"}],"predecessor-version":[{"id":654,"href":"http:\/\/www.lempreintedesoi.be\/accueil\/wp-json\/wp\/v2\/pages\/558\/revisions\/654"}],"wp:attachment":[{"href":"http:\/\/www.lempreintedesoi.be\/accueil\/wp-json\/wp\/v2\/media?parent=558"}],"curies":[{"name":"wp","href":"https:\/\/api.w.org\/{rel}","templated":true}]}}