{"id":389,"date":"2017-01-29T14:22:50","date_gmt":"2017-01-29T13:22:50","guid":{"rendered":"http:\/\/www.lempreintedesoi.be\/accueil\/?page_id=389"},"modified":"2017-01-29T15:08:55","modified_gmt":"2017-01-29T14:08:55","slug":"bon-cadeau","status":"publish","type":"page","link":"http:\/\/www.lempreintedesoi.be\/accueil\/bon-cadeau\/","title":{"rendered":"Bon Cadeau"},"content":{"rendered":"<p style=\"text-align: center;\"><em><img loading=\"lazy\" class=\"alignleft wp-image-402\" src=\"http:\/\/www.lempreintedesoi.be\/wp-content\/uploads\/2017\/01\/offrir-300x200.jpg\" alt=\"\" width=\"197\" height=\"131\" srcset=\"http:\/\/www.lempreintedesoi.be\/wp-content\/uploads\/2017\/01\/offrir-300x200.jpg 300w, http:\/\/www.lempreintedesoi.be\/wp-content\/uploads\/2017\/01\/offrir.jpg 331w\" sizes=\"(max-width: 197px) 100vw, 197px\" \/><\/em><\/p>\n<p>&nbsp;<\/p>\n<p><em>\u00ab\u00a0Le plaisir le plus d\u00e9licat est de faire celui d&rsquo;autrui\u00a0\u00bb\u00a0 \u2013 \u00a0Jean de la Bruy\u00e8re<\/em><\/p>\n<p>&nbsp;<\/p>\n<p>&nbsp;<\/p>\n<p>Envie de <strong>faire plaisir<\/strong>\u00a0? En panne d\u2019id\u00e9e cadeau\u00a0? Envie d\u2019<strong>offrir un moment d\u2019\u00e9vasion<\/strong>\u00a0?<\/p>\n<h4><strong>Ne cherchez plus c\u2019est par ici\u00a0!<\/strong><\/h4>\n<p>Pour chaque occasion, il y a un bon cadeau.<\/p>\n<p>1001 occasions de faire plaisir, en voici quelques-unes: <strong>anniversaire, f\u00eate des m\u00e8res, f\u00eates des p\u00e8res, No\u00ebl, Saint-Valentin, naissance, enterrement de vie de jeune fille\/jeune homme, mariage, passage \u00e0 la retraite, remerciement \u00e0 un professeur en fin d\u2019ann\u00e9e scolaire\u2026<\/strong><\/p>\n<p>Et puis <strong>pourquoi pas<\/strong>\u00a0? Juste parce que vous avez envie de faire plaisir <strong>sans raison particuli\u00e8re<\/strong>\u00a0!<\/p>\n<p><strong><em>Quoi de plus doux que d\u2019offrir un moment de s\u00e9r\u00e9nit\u00e9\u00a0\u00e0 un \u00eatre cher? <\/em><\/strong><\/p>\n<p>Les bons sont <strong>valables sur tous nos <a href=\"http:\/\/www.lempreintedesoi.be\/accueil\/soins\/\">soins<\/a><\/strong> ainsi que sur les s\u00e9ances de <a href=\"http:\/\/www.lempreintedesoi.be\/accueil\/naturopathie\/\"><strong>naturopathie<\/strong><\/a> ainsi que nos <a href=\"http:\/\/www.lempreintedesoi.be\/accueil\/formations-conference\/\"><strong>ateliers\/formations<\/strong><\/a>.<\/p>\n<p>Vous pouvez <strong>offrir un bon pour un <a href=\"http:\/\/www.lempreintedesoi.be\/accueil\/soins\/\">soin particulier<\/a><\/strong> <strong>ou<\/strong> encore <strong>pour un montant d\u00e9fini<\/strong> (de cette fa\u00e7on la personne optera pour le soin qu\u2019elle d\u00e9sire).<\/p>\n<table>\n<tbody>\n<tr>\n<td width=\"65%\">Les ch\u00e8ques sont <strong>valables 1 an \u00e0 partir de la date d\u2019\u00e9mission<\/strong>.<\/p>\n<p><strong><u>Commande<\/u><\/strong>\u00a0: <strong>par t\u00e9l\u00e9phone<\/strong> (+32 474 74 02 42) ou\u00a0 <strong>par <a href=\"mailto:vincianne@lempreintedesoi.be\">e-mail<\/a><\/strong><\/p>\n<p><strong><u>Paiement\u00a0<\/u>: en liquide <\/strong>lors du retrait <strong>au centre<\/strong> <strong>ou<\/strong> par <strong>virement bancaire si envoi postal<\/strong>. Envoi d\u00e8s r\u00e9ception du paiement.<\/p>\n<p><strong><u>Retrait<\/u><\/strong>:\u00a0 <strong>au centre<\/strong> ou <strong>envoi postal<\/strong> moyennant frais d\u2019envoi.<\/td>\n<td width=\"35%\">\u00a0<img loading=\"lazy\" class=\"wp-image-400 alignnone\" src=\"http:\/\/www.lempreintedesoi.be\/wp-content\/uploads\/2017\/01\/20161216_133639-300x225.jpg\" alt=\"\" width=\"252\" height=\"189\" srcset=\"http:\/\/www.lempreintedesoi.be\/wp-content\/uploads\/2017\/01\/20161216_133639-300x225.jpg 300w, http:\/\/www.lempreintedesoi.be\/wp-content\/uploads\/2017\/01\/20161216_133639-768x576.jpg 768w, http:\/\/www.lempreintedesoi.be\/wp-content\/uploads\/2017\/01\/20161216_133639-1024x768.jpg 1024w, http:\/\/www.lempreintedesoi.be\/wp-content\/uploads\/2017\/01\/20161216_133639-600x450.jpg 600w\" sizes=\"(max-width: 252px) 100vw, 252px\" \/><\/td>\n<\/tr>\n<\/tbody>\n<\/table>\n<p>Le bon doit \u00eatre apport\u00e9 lors du soin ou de la s\u00e9ance.<\/p>\n<p>N\u2019h\u00e9sitez pas \u00e0 me <a href=\"http:\/\/www.lempreintedesoi.be\/accueil\/contact\/\"><strong><u>contacter<\/u><\/strong><\/a> pour plus d\u2019informations<\/p>\n","protected":false},"excerpt":{"rendered":"<p>&nbsp; \u00ab\u00a0Le plaisir le plus d\u00e9licat est de faire celui d&rsquo;autrui\u00a0\u00bb\u00a0 \u2013 \u00a0Jean de la Bruy\u00e8re &nbsp; &nbsp; Envie de faire plaisir\u00a0? En panne d\u2019id\u00e9e cadeau\u00a0? Envie d\u2019offrir un moment d\u2019\u00e9vasion\u00a0? Ne cherchez plus c\u2019est par ici\u00a0! Pour chaque occasion, il y a un bon cadeau. 1001 occasions de faire plaisir, en voici quelques-unes: anniversaire, [&hellip;]<\/p>\n","protected":false},"author":1,"featured_media":0,"parent":0,"menu_order":0,"comment_status":"closed","ping_status":"closed","template":"","meta":{"spay_email":""},"jetpack_sharing_enabled":true,"jetpack_shortlink":"https:\/\/wp.me\/P65qBv-6h","_links":{"self":[{"href":"http:\/\/www.lempreintedesoi.be\/accueil\/wp-json\/wp\/v2\/pages\/389"}],"collection":[{"href":"http:\/\/www.lempreintedesoi.be\/accueil\/wp-json\/wp\/v2\/pages"}],"about":[{"href":"http:\/\/www.lempreintedesoi.be\/accueil\/wp-json\/wp\/v2\/types\/page"}],"author":[{"embeddable":true,"href":"http:\/\/www.lempreintedesoi.be\/accueil\/wp-json\/wp\/v2\/users\/1"}],"replies":[{"embeddable":true,"href":"http:\/\/www.lempreintedesoi.be\/accueil\/wp-json\/wp\/v2\/comments?post=389"}],"version-history":[{"count":13,"href":"http:\/\/www.lempreintedesoi.be\/accueil\/wp-json\/wp\/v2\/pages\/389\/revisions"}],"predecessor-version":[{"id":407,"href":"http:\/\/www.lempreintedesoi.be\/accueil\/wp-json\/wp\/v2\/pages\/389\/revisions\/407"}],"wp:attachment":[{"href":"http:\/\/www.lempreintedesoi.be\/accueil\/wp-json\/wp\/v2\/media?parent=389"}],"curies":[{"name":"wp","href":"https:\/\/api.w.org\/{rel}","templated":true}]}}