{"id":21,"date":"2015-03-10T12:07:20","date_gmt":"2015-03-10T11:07:20","guid":{"rendered":"http:\/\/www.lempreintedesoi.be\/accueil\/?page_id=21"},"modified":"2021-03-26T09:53:33","modified_gmt":"2021-03-26T08:53:33","slug":"reflexologie","status":"publish","type":"page","link":"http:\/\/www.lempreintedesoi.be\/accueil\/reflexologie\/","title":{"rendered":"R\u00e9flexologie Plantaire"},"content":{"rendered":"<h4>En bref<\/h4>\n<p><img loading=\"lazy\" class=\"wp-image-218 alignleft\" src=\"http:\/\/www.lempreintedesoi.be\/wp-content\/uploads\/2016\/02\/Massage-r\u00e9flexo-p-r\u00e9flexo-150x150.jpg\" alt=\"r\u00e9flexologie plantaire\" width=\"200\" height=\"242\" srcset=\"http:\/\/www.lempreintedesoi.be\/wp-content\/uploads\/2016\/02\/Massage-r\u00e9flexo-p-r\u00e9flexo-248x300.jpg 248w, http:\/\/www.lempreintedesoi.be\/wp-content\/uploads\/2016\/02\/Massage-r\u00e9flexo-p-r\u00e9flexo-768x927.jpg 768w, http:\/\/www.lempreintedesoi.be\/wp-content\/uploads\/2016\/02\/Massage-r\u00e9flexo-p-r\u00e9flexo-600x725.jpg 600w, http:\/\/www.lempreintedesoi.be\/wp-content\/uploads\/2016\/02\/Massage-r\u00e9flexo-p-r\u00e9flexo.jpg 800w\" sizes=\"(max-width: 200px) 100vw, 200px\" \/><\/p>\n<p>Pour les r\u00e9flexologues, le <strong>pied<\/strong> est un v\u00e9ritable miroir du corps. A chaque <strong>zone r\u00e9flexe<\/strong> correspond une partie du corps, un organe. Le pied accueille \u00e9galement de <strong>nombreuses terminaisons<\/strong> <strong>nerveuses<\/strong> d\u2019o\u00f9 la notion de zones r\u00e9flexes.<\/p>\n<p>La r\u00e9flexologie <strong>plantaire<\/strong> est un <strong>massage des pieds<\/strong> r\u00e9alis\u00e9 avec les doigts <strong>par pression<\/strong> de ces zones sur la vo\u00fbte plantaire.<\/p>\n<p>La r\u00e9flexologie est un moyen de <strong>prendre soin de soi et de sa sant\u00e9 \u00e0 titre pr\u00e9ventif<\/strong> mais intervient \u00e9galement dans toute une s\u00e9rie de d\u00e9sagr\u00e9ments et\/ou maux en accompagnant l\u2019organisme afin qu\u2019il retrouve son \u00e9quilibre naturel.<\/p>\n<p><strong><em>La R\u00e9flexologie permet au corps de retrouver son pouvoir d\u2019auto-gu\u00e9rison.<\/em><\/strong><\/p>\n<h4>Origine<\/h4>\n<p>La r\u00e9flexologie plantaire est une pratique ancestrale dont les premi\u00e8res traces se retrouvent en Chine.<\/p>\n<p>Elle renait en Occident au d\u00e9but des ann\u00e9es 1900 suite aux travaux du Dr Fitzgerald aux Etats-Unis qui d\u00e9couvre qu\u2019une pression appliqu\u00e9e sur certains endroits du corps a un effet anesth\u00e9siant.<\/p>\n<h4>Pour qui\u00a0?<\/h4>\n<p>Pour tous \u00e0 l\u2019exception de quelques situations que vous retrouverez plus loin.<\/p>\n<ul>\n<li>Des <strong>b\u00e9b\u00e9s<\/strong> <strong>aux personnes \u00e2g\u00e9es<\/strong>, la r\u00e9flexologie plantaire s&rsquo;adresse \u00e0 <strong>tous<\/strong>.<\/li>\n<li>Les <strong>femmes enceintes \u00e0 partir du 4\u00e8 mois<\/strong> de grossesse y trouveront \u00e9galement l.<\/li>\n<li>Pour les <strong>enfants<\/strong> de 0 \u00e0 10 ans, les<strong> s\u00e9ances<\/strong> sont <strong>plus courtes<\/strong> mais tout \u00e0 fait r\u00e9alisables.<\/li>\n<\/ul>\n<p>Le massage est adapt\u00e9 \u00e0 ce que l\u2019enfant accepte de recevoir.<\/p>\n<h4>Les bienfaits<\/h4>\n<p>Consid\u00e9r\u00e9e comme une\u00a0m\u00e9decine compl\u00e9mentaire, la r\u00e9flexologie plantaire permet de localiser les tensions du corps et autres dysfonctionnements puis de les faire dispara\u00eetre.\u00a0Elle permet de mani\u00e8re g\u00e9n\u00e9rale de (d\u2019)\u00a0:<\/p>\n<ul>\n<li><strong>lib\u00e9rer du stress<\/strong><\/li>\n<li><strong>\u00e9quilibrer l\u2019organisme<\/strong><\/li>\n<li><strong>\u00e9liminer les toxines<\/strong><\/li>\n<li><strong>relancer l\u2019\u00e9nergie<\/strong><\/li>\n<li><strong>am\u00e9liorer l\u2019\u00e9tat g\u00e9n\u00e9ral<\/strong><\/li>\n<\/ul>\n<p>Elle a \u00e9galement des actions sp\u00e9cifiques sur les diff\u00e9rents syst\u00e8mes de notre corps comme:<\/p>\n<ul>\n<li><strong>la relance de la circulation sanguine et lymphatique,<\/strong><\/li>\n<li><strong>l\u2019am\u00e9lioration du transit,<\/strong><\/li>\n<li><strong>l\u2019am\u00e9lioration des douleurs ost\u00e9o-articulaires,<\/strong><\/li>\n<li><strong>la stimulation du syst\u00e8me immunitaire<\/strong>,<\/li>\n<li>la diminution voire la <strong>disparition<\/strong> des \u00e9tats de <strong>tension<\/strong>, de d\u00e9pression, de <strong>surmenage<\/strong><\/li>\n<li>l\u2019<strong>apaisement <\/strong>de trouble<strong>s<\/strong> li\u00e9s \u00e0 la sph\u00e8re nerveuse: <strong>angoisses,<\/strong> <strong>insomnies<\/strong><strong>, hyperexcitabilit\u00e9<\/strong><\/li>\n<li>\u2026<\/li>\n<\/ul>\n<p>Ces <strong>effets<\/strong> plus <strong>sp\u00e9cifiques<\/strong> sur la sant\u00e9 sont obtenus apr\u00e8s <strong>plusieurs s\u00e9ances<\/strong> mais vous b\u00e9n\u00e9ficierez de <strong>l\u2019effet de bien-\u00eatre<\/strong> d\u00e8s la <strong>premi\u00e8re s\u00e9ance<\/strong>.<\/p>\n<h4>Les contre-indications<\/h4>\n<p>La R\u00e9flexologie sera d\u00e9conseill\u00e9e dans les cas suivants\u00a0:<\/p>\n<ul>\n<li>forte fi\u00e8vre<\/li>\n<li>durant le premier trimestre de grossesse<\/li>\n<li>inflammations des pieds (diab\u00e8te&#8230;)<\/li>\n<li>troubles circulatoires importants (thrombose, phl\u00e9bite&#8230;)<\/li>\n<li>pathologies cardiaques r\u00e9centes (op\u00e9ration, pacemaker&#8230;)<\/li>\n<li>greffe r\u00e9cente<\/li>\n<\/ul>\n<h4>Tarifs<\/h4>\n<table style=\"font-size: 1.3em;\">\n<tbody>\n<tr>\n<td width=\"45%\"><strong>R\u00e9flexologie Plantaire<\/strong><\/td>\n<td width=\"35%\">45 min<\/td>\n<td align=\"center\" width=\"20%\">45\u20ac<\/td>\n<\/tr>\n<\/tbody>\n<\/table>\n<p>La s\u00e9ance d\u00e9butera par un entretien permettant de renseigner sur l\u2019\u00e9tat de sant\u00e9 du patient ainsi que les raisons de la consultation.<\/p>\n<table style=\"font-size: 1.3em;\">\n<tbody>\n<tr>\n<td width=\"45%\"><strong>R\u00e9flexologie Plantaire Enfant<br \/>\n<\/strong><\/td>\n<td width=\"35%\">30 min<\/td>\n<td align=\"center\" width=\"20%\">30\u20ac<\/td>\n<\/tr>\n<\/tbody>\n<\/table>\n<p>La s\u00e9ance d\u00e9butera par une prise de connaissance de l\u2019enfant, un entretien permettant de renseigner sur son \u00e9tat de sant\u00e9 ainsi que les raisons de la consultation. En fonction de son \u00e2ge, l\u2019enfant participera activement \u00e0 ces \u00e9changes afin d\u2019amener la confiance et le rendre acteur de sa visite.<\/p>\n<h4><span style=\"font-family: sans-serif;\">Fid\u00e9lit\u00e9<\/span><\/h4>\n<p>Pour vous remercier de votre confiance et vous inviter \u00e0 prendre soin de vous ainsi que de votre sant\u00e9, je vous propose une <strong>offre fid\u00e9lit\u00e9<\/strong> pour les <strong>soins de R\u00e9flexologie<\/strong> <strong>Plantaire<\/strong>. L\u2019Empreinte de Soi vous offre :<\/p>\n<ul>\n<li><strong>Un massage cr\u00e2nien lors de votre 6<sup>\u00e8me<\/sup> s\u00e9ance de r\u00e9flexologie plantaire<\/strong><\/li>\n<li><strong>Votre 13<sup>\u00e8me<\/sup> s\u00e9ance de r\u00e9flexologie plantaire<\/strong><\/li>\n<\/ul>\n<p>Pour b\u00e9n\u00e9ficier de cette offre, les s\u00e9ances doivent \u00eatre re\u00e7ues dans un <strong>d\u00e9lai maximum de 18 mois suivant le 1<sup>er<\/sup> rendez-vous<\/strong>.<\/p>\n","protected":false},"excerpt":{"rendered":"<p>En bref Pour les r\u00e9flexologues, le pied est un v\u00e9ritable miroir du corps. A chaque zone r\u00e9flexe correspond une partie du corps, un organe. Le pied accueille \u00e9galement de nombreuses terminaisons nerveuses d\u2019o\u00f9 la notion de zones r\u00e9flexes. La r\u00e9flexologie plantaire est un massage des pieds r\u00e9alis\u00e9 avec les doigts par pression de ces zones [&hellip;]<\/p>\n","protected":false},"author":1,"featured_media":0,"parent":0,"menu_order":0,"comment_status":"closed","ping_status":"closed","template":"","meta":{"spay_email":""},"jetpack_sharing_enabled":true,"jetpack_shortlink":"https:\/\/wp.me\/P65qBv-l","_links":{"self":[{"href":"http:\/\/www.lempreintedesoi.be\/accueil\/wp-json\/wp\/v2\/pages\/21"}],"collection":[{"href":"http:\/\/www.lempreintedesoi.be\/accueil\/wp-json\/wp\/v2\/pages"}],"about":[{"href":"http:\/\/www.lempreintedesoi.be\/accueil\/wp-json\/wp\/v2\/types\/page"}],"author":[{"embeddable":true,"href":"http:\/\/www.lempreintedesoi.be\/accueil\/wp-json\/wp\/v2\/users\/1"}],"replies":[{"embeddable":true,"href":"http:\/\/www.lempreintedesoi.be\/accueil\/wp-json\/wp\/v2\/comments?post=21"}],"version-history":[{"count":31,"href":"http:\/\/www.lempreintedesoi.be\/accueil\/wp-json\/wp\/v2\/pages\/21\/revisions"}],"predecessor-version":[{"id":728,"href":"http:\/\/www.lempreintedesoi.be\/accueil\/wp-json\/wp\/v2\/pages\/21\/revisions\/728"}],"wp:attachment":[{"href":"http:\/\/www.lempreintedesoi.be\/accueil\/wp-json\/wp\/v2\/media?parent=21"}],"curies":[{"name":"wp","href":"https:\/\/api.w.org\/{rel}","templated":true}]}}